
{"id":384,"date":"2022-07-20T06:49:54","date_gmt":"2022-07-20T06:49:54","guid":{"rendered":"https:\/\/juliesavoie.com\/?page_id=384"},"modified":"2022-08-03T19:56:30","modified_gmt":"2022-08-03T19:56:30","slug":"contact","status":"publish","type":"page","link":"https:\/\/juliesavoie.com\/en\/contact\/","title":{"rendered":"Contact"},"content":{"rendered":"<div data-elementor-type=\"wp-page\" data-elementor-id=\"384\" class=\"elementor elementor-384\">\n\t\t\t\t\t\t\t\t\t<section class=\"elementor-section elementor-top-section elementor-element elementor-element-84f12f6 elementor-section-boxed elementor-section-height-default elementor-section-height-default\" data-id=\"84f12f6\" data-element_type=\"section\">\n\t\t\t\t\t\t<div class=\"elementor-container elementor-column-gap-default\">\n\t\t\t\t\t<div class=\"elementor-column elementor-col-100 elementor-top-column elementor-element elementor-element-dab19bc\" data-id=\"dab19bc\" data-element_type=\"column\">\n\t\t\t<div class=\"elementor-widget-wrap elementor-element-populated\">\n\t\t\t\t\t\t\t\t<div class=\"elementor-element elementor-element-e71ff1c elementor-widget elementor-widget-heading\" data-id=\"e71ff1c\" data-element_type=\"widget\" data-widget_type=\"heading.default\">\n\t\t\t\t<div class=\"elementor-widget-container\">\n\t\t\t<style>\/*! elementor - v3.15.0 - 09-08-2023 *\/\n.elementor-heading-title{padding:0;margin:0;line-height:1}.elementor-widget-heading .elementor-heading-title[class*=elementor-size-]>a{color:inherit;font-size:inherit;line-height:inherit}.elementor-widget-heading .elementor-heading-title.elementor-size-small{font-size:15px}.elementor-widget-heading .elementor-heading-title.elementor-size-medium{font-size:19px}.elementor-widget-heading .elementor-heading-title.elementor-size-large{font-size:29px}.elementor-widget-heading .elementor-heading-title.elementor-size-xl{font-size:39px}.elementor-widget-heading .elementor-heading-title.elementor-size-xxl{font-size:59px}<\/style><h2 class=\"elementor-heading-title elementor-size-default\">Contact<\/h2>\t\t<\/div>\n\t\t\t\t<\/div>\n\t\t\t\t\t<\/div>\n\t\t<\/div>\n\t\t\t\t\t\t\t<\/div>\n\t\t<\/section>\n\t\t\t\t<section class=\"elementor-section elementor-top-section elementor-element elementor-element-9b29299 elementor-section-boxed elementor-section-height-default elementor-section-height-default\" data-id=\"9b29299\" data-element_type=\"section\">\n\t\t\t\t\t\t<div class=\"elementor-container elementor-column-gap-default\">\n\t\t\t\t\t<div class=\"elementor-column elementor-col-50 elementor-top-column elementor-element elementor-element-5aecfc1\" data-id=\"5aecfc1\" data-element_type=\"column\">\n\t\t\t<div class=\"elementor-widget-wrap elementor-element-populated\">\n\t\t\t\t\t\t\t\t<div class=\"elementor-element elementor-element-163549e elementor-view-default elementor-position-top elementor-mobile-position-top elementor-widget elementor-widget-icon-box\" data-id=\"163549e\" data-element_type=\"widget\" data-widget_type=\"icon-box.default\">\n\t\t\t\t<div class=\"elementor-widget-container\">\n\t\t\t<link rel=\"stylesheet\" href=\"https:\/\/juliesavoie.com\/wp-content\/plugins\/elementor\/assets\/css\/widget-icon-box.min.css\">\t\t<div class=\"elementor-icon-box-wrapper\">\n\t\t\t\t\t\t<div class=\"elementor-icon-box-icon\">\n\t\t\t\t<a class=\"elementor-icon elementor-animation-\" href=\"tel:1514 292-9261\">\n\t\t\t\t<i aria-hidden=\"true\" class=\"fas fa-phone-alt\"><\/i>\t\t\t\t<\/a>\n\t\t\t<\/div>\n\t\t\t\t\t\t<div class=\"elementor-icon-box-content\">\n\t\t\t\t<h3 class=\"elementor-icon-box-title\">\n\t\t\t\t\t<a href=\"tel:1514 292-9261\" >\n\t\t\t\t\t\tCall\t\t\t\t\t<\/a>\n\t\t\t\t<\/h3>\n\t\t\t\t\t\t\t\t\t<p class=\"elementor-icon-box-description\">\n\t\t\t\t\t\t514 292-9261\t\t\t\t\t<\/p>\n\t\t\t\t\t\t\t<\/div>\n\t\t<\/div>\n\t\t\t\t<\/div>\n\t\t\t\t<\/div>\n\t\t\t\t\t<\/div>\n\t\t<\/div>\n\t\t\t\t<div class=\"elementor-column elementor-col-50 elementor-top-column elementor-element elementor-element-ed6b7f4\" data-id=\"ed6b7f4\" data-element_type=\"column\">\n\t\t\t<div class=\"elementor-widget-wrap elementor-element-populated\">\n\t\t\t\t\t\t\t\t<div class=\"elementor-element elementor-element-22106c4 elementor-view-default elementor-position-top elementor-mobile-position-top elementor-widget elementor-widget-icon-box\" data-id=\"22106c4\" data-element_type=\"widget\" data-widget_type=\"icon-box.default\">\n\t\t\t\t<div class=\"elementor-widget-container\">\n\t\t\t\t\t<div class=\"elementor-icon-box-wrapper\">\n\t\t\t\t\t\t<div class=\"elementor-icon-box-icon\">\n\t\t\t\t<span class=\"elementor-icon elementor-animation-\" >\n\t\t\t\t<i aria-hidden=\"true\" class=\"fas fa-envelope\"><\/i>\t\t\t\t<\/span>\n\t\t\t<\/div>\n\t\t\t\t\t\t<div class=\"elementor-icon-box-content\">\n\t\t\t\t<h3 class=\"elementor-icon-box-title\">\n\t\t\t\t\t<span  >\n\t\t\t\t\t\tWrite\t\t\t\t\t<\/span>\n\t\t\t\t<\/h3>\n\t\t\t\t\t\t\t<\/div>\n\t\t<\/div>\n\t\t\t\t<\/div>\n\t\t\t\t<\/div>\n\t\t\t\t<div class=\"elementor-element elementor-element-a661a27 elementor-align-center elementor-icon-list--layout-traditional elementor-list-item-link-full_width elementor-widget elementor-widget-icon-list\" data-id=\"a661a27\" data-element_type=\"widget\" data-widget_type=\"icon-list.default\">\n\t\t\t\t<div class=\"elementor-widget-container\">\n\t\t\t<link rel=\"stylesheet\" href=\"https:\/\/juliesavoie.com\/wp-content\/plugins\/elementor\/assets\/css\/widget-icon-list.min.css\">\t\t<ul class=\"elementor-icon-list-items\">\n\t\t\t\t\t\t\t<li class=\"elementor-icon-list-item\">\n\t\t\t\t\t\t\t\t\t\t\t<a href=\"mailto:contact@juliesavoie.com\">\n\n\t\t\t\t\t\t\t\t\t\t\t\t<span class=\"elementor-icon-list-icon\">\n\t\t\t\t\t\t\t<i aria-hidden=\"true\" class=\"fas fa-envelope\"><\/i>\t\t\t\t\t\t<\/span>\n\t\t\t\t\t\t\t\t\t\t<span class=\"elementor-icon-list-text\">contact@juliesavoie.com<\/span>\n\t\t\t\t\t\t\t\t\t\t\t<\/a>\n\t\t\t\t\t\t\t\t\t<\/li>\n\t\t\t\t\t\t<\/ul>\n\t\t\t\t<\/div>\n\t\t\t\t<\/div>\n\t\t\t\t\t<\/div>\n\t\t<\/div>\n\t\t\t\t\t\t\t<\/div>\n\t\t<\/section>\n\t\t\t\t\t\t\t<\/div>","protected":false},"excerpt":{"rendered":"<p>Contact Appeler 514 292-9261 \u00c9crire contact@juliesavoie.com<\/p>","protected":false},"author":1,"featured_media":0,"parent":0,"menu_order":0,"comment_status":"closed","ping_status":"closed","template":"elementor_header_footer","meta":{"footnotes":""},"class_list":["post-384","page","type-page","status-publish","hentry","entry"],"yoast_head":"<!-- This site is optimized with the Yoast SEO plugin v20.13 - https:\/\/yoast.com\/wordpress\/plugins\/seo\/ -->\n<title>Contact - Julie Savoie Montr\u00e9al shiatsu et travail social<\/title>\n<meta name=\"robots\" content=\"index, follow, max-snippet:-1, max-image-preview:large, max-video-preview:-1\" \/>\n<link rel=\"canonical\" href=\"https:\/\/juliesavoie.com\/en\/contact\/\" \/>\n<meta property=\"og:locale\" content=\"en_US\" \/>\n<meta property=\"og:type\" content=\"article\" \/>\n<meta property=\"og:title\" content=\"Contact - Julie Savoie Montr\u00e9al shiatsu et travail social\" \/>\n<meta property=\"og:description\" content=\"Contact Appeler 514 292-9261 \u00c9crire contact@juliesavoie.com\" \/>\n<meta property=\"og:url\" content=\"https:\/\/juliesavoie.com\/en\/contact\/\" \/>\n<meta property=\"og:site_name\" content=\"Julie Savoie Montr\u00e9al shiatsu et travail social\" \/>\n<meta property=\"article:modified_time\" content=\"2022-08-03T19:56:30+00:00\" \/>\n<meta name=\"twitter:card\" content=\"summary_large_image\" \/>\n<script type=\"application\/ld+json\" class=\"yoast-schema-graph\">{\"@context\":\"https:\/\/schema.org\",\"@graph\":[{\"@type\":\"WebPage\",\"@id\":\"https:\/\/juliesavoie.com\/contact\/\",\"url\":\"https:\/\/juliesavoie.com\/contact\/\",\"name\":\"Contact - Julie Savoie Montr\u00e9al shiatsu et travail social\",\"isPartOf\":{\"@id\":\"https:\/\/juliesavoie.com\/#website\"},\"datePublished\":\"2022-07-20T06:49:54+00:00\",\"dateModified\":\"2022-08-03T19:56:30+00:00\",\"breadcrumb\":{\"@id\":\"https:\/\/juliesavoie.com\/contact\/#breadcrumb\"},\"inLanguage\":\"en-CA\",\"potentialAction\":[{\"@type\":\"ReadAction\",\"target\":[\"https:\/\/juliesavoie.com\/contact\/\"]}]},{\"@type\":\"BreadcrumbList\",\"@id\":\"https:\/\/juliesavoie.com\/contact\/#breadcrumb\",\"itemListElement\":[{\"@type\":\"ListItem\",\"position\":1,\"name\":\"Accueil\",\"item\":\"https:\/\/juliesavoie.com\/\"},{\"@type\":\"ListItem\",\"position\":2,\"name\":\"Contact\"}]},{\"@type\":\"WebSite\",\"@id\":\"https:\/\/juliesavoie.com\/#website\",\"url\":\"https:\/\/juliesavoie.com\/\",\"name\":\"Julie Savoie Montr\u00e9al shiatsu et travail social\",\"description\":\"Massoth\u00e9rapeute en shiatsu depuis de nombreuses ann\u00e9es, dipl\u00f4m\u00e9e en acupuncture et th\u00e9rapeute en relation d\u2019aide, j\u2019aime la complicit\u00e9 du travail th\u00e9rapeutique avec mes clients. D\u00e9couvrir l\u2019autre dans son intimit\u00e9 par ce qu\u2019il me raconte ou ce que son corps d\u00e9voile de blessures et d\u2019histoire personnelle demeure un privil\u00e8ge \u00e0 chaque rencontre. Quelles que soient les raisons pour lesquelles on souffre, le shiatsu avec la perspective de m\u00e9decine orientale, l\u2019anatomie du mouvement et le fonctionnement psychique donnent des r\u00e9sultats convaincants.\",\"potentialAction\":[{\"@type\":\"SearchAction\",\"target\":{\"@type\":\"EntryPoint\",\"urlTemplate\":\"https:\/\/juliesavoie.com\/?s={search_term_string}\"},\"query-input\":\"required name=search_term_string\"}],\"inLanguage\":\"en-CA\"}]}<\/script>\n<!-- \/ Yoast SEO plugin. -->","yoast_head_json":{"title":"Contact - Julie Savoie Montr\u00e9al shiatsu et travail social","robots":{"index":"index","follow":"follow","max-snippet":"max-snippet:-1","max-image-preview":"max-image-preview:large","max-video-preview":"max-video-preview:-1"},"canonical":"https:\/\/juliesavoie.com\/en\/contact\/","og_locale":"en_US","og_type":"article","og_title":"Contact - Julie Savoie Montr\u00e9al shiatsu et travail social","og_description":"Contact Appeler 514 292-9261 \u00c9crire contact@juliesavoie.com","og_url":"https:\/\/juliesavoie.com\/en\/contact\/","og_site_name":"Julie Savoie Montr\u00e9al shiatsu et travail social","article_modified_time":"2022-08-03T19:56:30+00:00","twitter_card":"summary_large_image","schema":{"@context":"https:\/\/schema.org","@graph":[{"@type":"WebPage","@id":"https:\/\/juliesavoie.com\/contact\/","url":"https:\/\/juliesavoie.com\/contact\/","name":"Contact - Julie Savoie Montr\u00e9al shiatsu et travail social","isPartOf":{"@id":"https:\/\/juliesavoie.com\/#website"},"datePublished":"2022-07-20T06:49:54+00:00","dateModified":"2022-08-03T19:56:30+00:00","breadcrumb":{"@id":"https:\/\/juliesavoie.com\/contact\/#breadcrumb"},"inLanguage":"en-CA","potentialAction":[{"@type":"ReadAction","target":["https:\/\/juliesavoie.com\/contact\/"]}]},{"@type":"BreadcrumbList","@id":"https:\/\/juliesavoie.com\/contact\/#breadcrumb","itemListElement":[{"@type":"ListItem","position":1,"name":"Accueil","item":"https:\/\/juliesavoie.com\/"},{"@type":"ListItem","position":2,"name":"Contact"}]},{"@type":"WebSite","@id":"https:\/\/juliesavoie.com\/#website","url":"https:\/\/juliesavoie.com\/","name":"Julie Savoie Montr\u00e9al shiatsu et travail social","description":"Massoth\u00e9rapeute en shiatsu depuis de nombreuses ann\u00e9es, dipl\u00f4m\u00e9e en acupuncture et th\u00e9rapeute en relation d\u2019aide, j\u2019aime la complicit\u00e9 du travail th\u00e9rapeutique avec mes clients. D\u00e9couvrir l\u2019autre dans son intimit\u00e9 par ce qu\u2019il me raconte ou ce que son corps d\u00e9voile de blessures et d\u2019histoire personnelle demeure un privil\u00e8ge \u00e0 chaque rencontre. Quelles que soient les raisons pour lesquelles on souffre, le shiatsu avec la perspective de m\u00e9decine orientale, l\u2019anatomie du mouvement et le fonctionnement psychique donnent des r\u00e9sultats convaincants.","potentialAction":[{"@type":"SearchAction","target":{"@type":"EntryPoint","urlTemplate":"https:\/\/juliesavoie.com\/?s={search_term_string}"},"query-input":"required name=search_term_string"}],"inLanguage":"en-CA"}]}},"_links":{"self":[{"href":"https:\/\/juliesavoie.com\/en\/wp-json\/wp\/v2\/pages\/384","targetHints":{"allow":["GET"]}}],"collection":[{"href":"https:\/\/juliesavoie.com\/en\/wp-json\/wp\/v2\/pages"}],"about":[{"href":"https:\/\/juliesavoie.com\/en\/wp-json\/wp\/v2\/types\/page"}],"author":[{"embeddable":true,"href":"https:\/\/juliesavoie.com\/en\/wp-json\/wp\/v2\/users\/1"}],"replies":[{"embeddable":true,"href":"https:\/\/juliesavoie.com\/en\/wp-json\/wp\/v2\/comments?post=384"}],"version-history":[{"count":22,"href":"https:\/\/juliesavoie.com\/en\/wp-json\/wp\/v2\/pages\/384\/revisions"}],"predecessor-version":[{"id":1033,"href":"https:\/\/juliesavoie.com\/en\/wp-json\/wp\/v2\/pages\/384\/revisions\/1033"}],"wp:attachment":[{"href":"https:\/\/juliesavoie.com\/en\/wp-json\/wp\/v2\/media?parent=384"}],"curies":[{"name":"wp","href":"https:\/\/api.w.org\/{rel}","templated":true}]}}