
{"id":256,"date":"2022-07-20T05:33:37","date_gmt":"2022-07-20T05:33:37","guid":{"rendered":"https:\/\/juliesavoie.com\/?page_id=256"},"modified":"2022-08-04T14:17:45","modified_gmt":"2022-08-04T14:17:45","slug":"a-propos","status":"publish","type":"page","link":"https:\/\/juliesavoie.com\/en\/a-propos\/","title":{"rendered":"About"},"content":{"rendered":"<div data-elementor-type=\"wp-page\" data-elementor-id=\"256\" class=\"elementor elementor-256\">\n\t\t\t\t\t\t\t\t\t<section class=\"elementor-section elementor-top-section elementor-element elementor-element-bd87a78 elementor-section-full_width elementor-section-height-min-height elementor-hidden-tablet elementor-hidden-mobile elementor-section-height-default elementor-section-items-middle\" data-id=\"bd87a78\" data-element_type=\"section\" data-settings=\"{&quot;background_background&quot;:&quot;classic&quot;}\">\n\t\t\t\t\t\t\t<div class=\"elementor-background-overlay\"><\/div>\n\t\t\t\t\t\t\t<div class=\"elementor-container elementor-column-gap-default\">\n\t\t\t\t\t<div class=\"elementor-column elementor-col-100 elementor-top-column elementor-element elementor-element-6bddf3b\" data-id=\"6bddf3b\" data-element_type=\"column\" data-settings=\"{&quot;background_background&quot;:&quot;classic&quot;}\">\n\t\t\t<div class=\"elementor-widget-wrap elementor-element-populated\">\n\t\t\t\t\t\t\t\t<div class=\"elementor-element elementor-element-bf14190 elementor-widget elementor-widget-heading\" data-id=\"bf14190\" data-element_type=\"widget\" data-widget_type=\"heading.default\">\n\t\t\t\t<div class=\"elementor-widget-container\">\n\t\t\t<style>\/*! elementor - v3.15.0 - 09-08-2023 *\/\n.elementor-heading-title{padding:0;margin:0;line-height:1}.elementor-widget-heading .elementor-heading-title[class*=elementor-size-]>a{color:inherit;font-size:inherit;line-height:inherit}.elementor-widget-heading .elementor-heading-title.elementor-size-small{font-size:15px}.elementor-widget-heading .elementor-heading-title.elementor-size-medium{font-size:19px}.elementor-widget-heading .elementor-heading-title.elementor-size-large{font-size:29px}.elementor-widget-heading .elementor-heading-title.elementor-size-xl{font-size:39px}.elementor-widget-heading .elementor-heading-title.elementor-size-xxl{font-size:59px}<\/style><h2 class=\"elementor-heading-title elementor-size-default\">About<\/h2>\t\t<\/div>\n\t\t\t\t<\/div>\n\t\t\t\t\t<\/div>\n\t\t<\/div>\n\t\t\t\t\t\t\t<\/div>\n\t\t<\/section>\n\t\t\t\t<section class=\"elementor-section elementor-top-section elementor-element elementor-element-45635b4 elementor-section-boxed elementor-section-height-default elementor-section-height-default\" data-id=\"45635b4\" data-element_type=\"section\">\n\t\t\t\t\t\t<div class=\"elementor-container elementor-column-gap-default\">\n\t\t\t\t\t<div class=\"elementor-column elementor-col-50 elementor-top-column elementor-element elementor-element-36fdcbe\" data-id=\"36fdcbe\" data-element_type=\"column\">\n\t\t\t<div class=\"elementor-widget-wrap elementor-element-populated\">\n\t\t\t\t\t\t\t\t<div class=\"elementor-element elementor-element-9749639 elementor-widget elementor-widget-image\" data-id=\"9749639\" data-element_type=\"widget\" data-widget_type=\"image.default\">\n\t\t\t\t<div class=\"elementor-widget-container\">\n\t\t\t<style>\/*! elementor - v3.15.0 - 09-08-2023 *\/\n.elementor-widget-image{text-align:center}.elementor-widget-image a{display:inline-block}.elementor-widget-image a img[src$=\".svg\"]{width:48px}.elementor-widget-image img{vertical-align:middle;display:inline-block}<\/style>\t\t\t\t\t\t\t\t\t\t\t\t<img loading=\"lazy\" decoding=\"async\" width=\"683\" height=\"1024\" src=\"https:\/\/juliesavoie.com\/wp-content\/uploads\/2022\/07\/Julie-Savoie-2-683x1024.jpeg\" class=\"attachment-large size-large wp-image-57\" alt=\"\" srcset=\"https:\/\/juliesavoie.com\/wp-content\/uploads\/2022\/07\/Julie-Savoie-2-683x1024.jpeg 683w, https:\/\/juliesavoie.com\/wp-content\/uploads\/2022\/07\/Julie-Savoie-2-200x300.jpeg 200w, https:\/\/juliesavoie.com\/wp-content\/uploads\/2022\/07\/Julie-Savoie-2-768x1152.jpeg 768w, https:\/\/juliesavoie.com\/wp-content\/uploads\/2022\/07\/Julie-Savoie-2-1024x1536.jpeg 1024w, https:\/\/juliesavoie.com\/wp-content\/uploads\/2022\/07\/Julie-Savoie-2.jpeg 1365w\" sizes=\"auto, (max-width: 683px) 100vw, 683px\" \/>\t\t\t\t\t\t\t\t\t\t\t\t\t\t\t<\/div>\n\t\t\t\t<\/div>\n\t\t\t\t\t<\/div>\n\t\t<\/div>\n\t\t\t\t<div class=\"elementor-column elementor-col-50 elementor-top-column elementor-element elementor-element-0fe879a\" data-id=\"0fe879a\" data-element_type=\"column\">\n\t\t\t<div class=\"elementor-widget-wrap elementor-element-populated\">\n\t\t\t\t\t\t\t\t<div class=\"elementor-element elementor-element-e3d23ca elementor-widget elementor-widget-text-editor\" data-id=\"e3d23ca\" data-element_type=\"widget\" data-widget_type=\"text-editor.default\">\n\t\t\t\t<div class=\"elementor-widget-container\">\n\t\t\t<style>\/*! elementor - v3.15.0 - 09-08-2023 *\/\n.elementor-widget-text-editor.elementor-drop-cap-view-stacked .elementor-drop-cap{background-color:#69727d;color:#fff}.elementor-widget-text-editor.elementor-drop-cap-view-framed .elementor-drop-cap{color:#69727d;border:3px solid;background-color:transparent}.elementor-widget-text-editor:not(.elementor-drop-cap-view-default) .elementor-drop-cap{margin-top:8px}.elementor-widget-text-editor:not(.elementor-drop-cap-view-default) .elementor-drop-cap-letter{width:1em;height:1em}.elementor-widget-text-editor .elementor-drop-cap{float:left;text-align:center;line-height:1;font-size:50px}.elementor-widget-text-editor .elementor-drop-cap-letter{display:inline-block}<\/style>\t\t\t\t<p>Shiatsu therapist for many years, trained acupuncturist, and counsellor, I enjoy creating therapeutic relationships with my clients. Discovering the person through the stories they share or what their body reveals of wounds and personal history remains a privilege at each meeting. Whatever the reasons for the pain, shiatsu, Chinese medical theory, anatomy of movement, and counseling give convincing results.<\/p><p>I graduated with high honours from the 2200-hour diploma program at the Shiatsu School of Canada in 2001. I practiced shiatsu in downtown Toronto and taught at the Shiatsu School of Canada\u00a0<a class=\"general\" title=\"Aller sur le site Shiatsu School of Canada \" href=\"http:\/\/www.shiatsucanada.com\/public\/diplomas\/shiatsu\/overview.htm\" target=\"_blank\" rel=\"noopener\">Shiatsu School of Canada<\/a>\u00a0until 2006 when I relocated to Montreal. I enjoy working with men and women of all ages and have a special interest in body-mind relationships, chronic illness, and pain and maternity care. I also have a 1000-hour diploma in acupuncture that I am unfortunately unable to practice in Qu\u00e9bec due to equivalency issues.<\/p>\t\t\t\t\t\t<\/div>\n\t\t\t\t<\/div>\n\t\t\t\t\t<\/div>\n\t\t<\/div>\n\t\t\t\t\t\t\t<\/div>\n\t\t<\/section>\n\t\t\t\t<section class=\"elementor-section elementor-top-section elementor-element elementor-element-67090fc elementor-section-boxed elementor-section-height-default elementor-section-height-default\" data-id=\"67090fc\" data-element_type=\"section\">\n\t\t\t\t\t\t<div class=\"elementor-container elementor-column-gap-default\">\n\t\t\t\t\t<div class=\"elementor-column elementor-col-100 elementor-top-column elementor-element elementor-element-a1fd669\" data-id=\"a1fd669\" data-element_type=\"column\">\n\t\t\t<div class=\"elementor-widget-wrap elementor-element-populated\">\n\t\t\t\t\t\t\t\t<div class=\"elementor-element elementor-element-cc76d98 elementor-widget elementor-widget-text-editor\" data-id=\"cc76d98\" data-element_type=\"widget\" data-widget_type=\"text-editor.default\">\n\t\t\t\t<div class=\"elementor-widget-container\">\n\t\t\t\t\t\t\t<p>Following studies at the Centre de Relation d'Aide de Montr\u00e9al (2013), I graduated from the School of Social Work at McGill University in 2019. This discipline allowed me to better understand the systemic and social issues that affect the individual, adding to the clinical understanding of mental health as I knew it. I like clinical social work for the power to create oneself and the freedom to be oneself by considering a person and their aspirations, but also the socio-political contexts in which they evolve.<\/p>\t\t\t\t\t\t<\/div>\n\t\t\t\t<\/div>\n\t\t\t\t\t<\/div>\n\t\t<\/div>\n\t\t\t\t\t\t\t<\/div>\n\t\t<\/section>\n\t\t\t\t\t\t\t<\/div>","protected":false},"excerpt":{"rendered":"<p>\u00c0 propos Massoth\u00e9rapeute en shiatsu depuis de nombreuses ann\u00e9es, dipl\u00f4m\u00e9e en acupuncture et th\u00e9rapeute en relation d\u2019aide, j\u2019aime la complicit\u00e9 du travail th\u00e9rapeutique avec mes clients. D\u00e9couvrir l\u2019autre dans son intimit\u00e9 par ce qu\u2019il me raconte ou ce que son corps d\u00e9voile de blessures et d\u2019histoire personnelle demeure un privil\u00e8ge \u00e0 chaque rencontre. Quelles que [&hellip;]<\/p>","protected":false},"author":1,"featured_media":0,"parent":0,"menu_order":0,"comment_status":"closed","ping_status":"closed","template":"elementor_header_footer","meta":{"footnotes":""},"class_list":["post-256","page","type-page","status-publish","hentry","entry"],"yoast_head":"<!-- This site is optimized with the Yoast SEO plugin v20.13 - https:\/\/yoast.com\/wordpress\/plugins\/seo\/ -->\n<title>\u00c0 propos - Julie Savoie Montr\u00e9al shiatsu et travail social<\/title>\n<meta name=\"robots\" content=\"index, follow, max-snippet:-1, max-image-preview:large, max-video-preview:-1\" \/>\n<link rel=\"canonical\" href=\"https:\/\/juliesavoie.com\/en\/a-propos\/\" \/>\n<meta property=\"og:locale\" content=\"en_US\" \/>\n<meta property=\"og:type\" content=\"article\" \/>\n<meta property=\"og:title\" content=\"\u00c0 propos - Julie Savoie Montr\u00e9al shiatsu et travail social\" \/>\n<meta property=\"og:description\" content=\"\u00c0 propos Massoth\u00e9rapeute en shiatsu depuis de nombreuses ann\u00e9es, dipl\u00f4m\u00e9e en acupuncture et th\u00e9rapeute en relation d\u2019aide, j\u2019aime la complicit\u00e9 du travail th\u00e9rapeutique avec mes clients. D\u00e9couvrir l\u2019autre dans son intimit\u00e9 par ce qu\u2019il me raconte ou ce que son corps d\u00e9voile de blessures et d\u2019histoire personnelle demeure un privil\u00e8ge \u00e0 chaque rencontre. Quelles que [&hellip;]\" \/>\n<meta property=\"og:url\" content=\"https:\/\/juliesavoie.com\/en\/a-propos\/\" \/>\n<meta property=\"og:site_name\" content=\"Julie Savoie Montr\u00e9al shiatsu et travail social\" \/>\n<meta property=\"article:modified_time\" content=\"2022-08-04T14:17:45+00:00\" \/>\n<meta property=\"og:image\" content=\"https:\/\/juliesavoie.com\/wp-content\/uploads\/2022\/07\/Julie-Savoie-2-683x1024.jpeg\" \/>\n<meta name=\"twitter:card\" content=\"summary_large_image\" \/>\n<meta name=\"twitter:label1\" content=\"Est. reading time\" \/>\n\t<meta name=\"twitter:data1\" content=\"1 minute\" \/>\n<script type=\"application\/ld+json\" class=\"yoast-schema-graph\">{\"@context\":\"https:\/\/schema.org\",\"@graph\":[{\"@type\":\"WebPage\",\"@id\":\"https:\/\/juliesavoie.com\/a-propos\/\",\"url\":\"https:\/\/juliesavoie.com\/a-propos\/\",\"name\":\"\u00c0 propos - Julie Savoie Montr\u00e9al shiatsu et travail social\",\"isPartOf\":{\"@id\":\"https:\/\/juliesavoie.com\/#website\"},\"datePublished\":\"2022-07-20T05:33:37+00:00\",\"dateModified\":\"2022-08-04T14:17:45+00:00\",\"breadcrumb\":{\"@id\":\"https:\/\/juliesavoie.com\/a-propos\/#breadcrumb\"},\"inLanguage\":\"en-CA\",\"potentialAction\":[{\"@type\":\"ReadAction\",\"target\":[\"https:\/\/juliesavoie.com\/a-propos\/\"]}]},{\"@type\":\"BreadcrumbList\",\"@id\":\"https:\/\/juliesavoie.com\/a-propos\/#breadcrumb\",\"itemListElement\":[{\"@type\":\"ListItem\",\"position\":1,\"name\":\"Accueil\",\"item\":\"https:\/\/juliesavoie.com\/\"},{\"@type\":\"ListItem\",\"position\":2,\"name\":\"\u00c0 propos\"}]},{\"@type\":\"WebSite\",\"@id\":\"https:\/\/juliesavoie.com\/#website\",\"url\":\"https:\/\/juliesavoie.com\/\",\"name\":\"Julie Savoie Montr\u00e9al shiatsu et travail social\",\"description\":\"Massoth\u00e9rapeute en shiatsu depuis de nombreuses ann\u00e9es, dipl\u00f4m\u00e9e en acupuncture et th\u00e9rapeute en relation d\u2019aide, j\u2019aime la complicit\u00e9 du travail th\u00e9rapeutique avec mes clients. D\u00e9couvrir l\u2019autre dans son intimit\u00e9 par ce qu\u2019il me raconte ou ce que son corps d\u00e9voile de blessures et d\u2019histoire personnelle demeure un privil\u00e8ge \u00e0 chaque rencontre. Quelles que soient les raisons pour lesquelles on souffre, le shiatsu avec la perspective de m\u00e9decine orientale, l\u2019anatomie du mouvement et le fonctionnement psychique donnent des r\u00e9sultats convaincants.\",\"potentialAction\":[{\"@type\":\"SearchAction\",\"target\":{\"@type\":\"EntryPoint\",\"urlTemplate\":\"https:\/\/juliesavoie.com\/?s={search_term_string}\"},\"query-input\":\"required name=search_term_string\"}],\"inLanguage\":\"en-CA\"}]}<\/script>\n<!-- \/ Yoast SEO plugin. -->","yoast_head_json":{"title":"\u00c0 propos - Julie Savoie Montr\u00e9al shiatsu et travail social","robots":{"index":"index","follow":"follow","max-snippet":"max-snippet:-1","max-image-preview":"max-image-preview:large","max-video-preview":"max-video-preview:-1"},"canonical":"https:\/\/juliesavoie.com\/en\/a-propos\/","og_locale":"en_US","og_type":"article","og_title":"\u00c0 propos - Julie Savoie Montr\u00e9al shiatsu et travail social","og_description":"\u00c0 propos Massoth\u00e9rapeute en shiatsu depuis de nombreuses ann\u00e9es, dipl\u00f4m\u00e9e en acupuncture et th\u00e9rapeute en relation d\u2019aide, j\u2019aime la complicit\u00e9 du travail th\u00e9rapeutique avec mes clients. D\u00e9couvrir l\u2019autre dans son intimit\u00e9 par ce qu\u2019il me raconte ou ce que son corps d\u00e9voile de blessures et d\u2019histoire personnelle demeure un privil\u00e8ge \u00e0 chaque rencontre. Quelles que [&hellip;]","og_url":"https:\/\/juliesavoie.com\/en\/a-propos\/","og_site_name":"Julie Savoie Montr\u00e9al shiatsu et travail social","article_modified_time":"2022-08-04T14:17:45+00:00","og_image":[{"url":"https:\/\/juliesavoie.com\/wp-content\/uploads\/2022\/07\/Julie-Savoie-2-683x1024.jpeg"}],"twitter_card":"summary_large_image","twitter_misc":{"Est. reading time":"1 minute"},"schema":{"@context":"https:\/\/schema.org","@graph":[{"@type":"WebPage","@id":"https:\/\/juliesavoie.com\/a-propos\/","url":"https:\/\/juliesavoie.com\/a-propos\/","name":"\u00c0 propos - Julie Savoie Montr\u00e9al shiatsu et travail social","isPartOf":{"@id":"https:\/\/juliesavoie.com\/#website"},"datePublished":"2022-07-20T05:33:37+00:00","dateModified":"2022-08-04T14:17:45+00:00","breadcrumb":{"@id":"https:\/\/juliesavoie.com\/a-propos\/#breadcrumb"},"inLanguage":"en-CA","potentialAction":[{"@type":"ReadAction","target":["https:\/\/juliesavoie.com\/a-propos\/"]}]},{"@type":"BreadcrumbList","@id":"https:\/\/juliesavoie.com\/a-propos\/#breadcrumb","itemListElement":[{"@type":"ListItem","position":1,"name":"Accueil","item":"https:\/\/juliesavoie.com\/"},{"@type":"ListItem","position":2,"name":"\u00c0 propos"}]},{"@type":"WebSite","@id":"https:\/\/juliesavoie.com\/#website","url":"https:\/\/juliesavoie.com\/","name":"Julie Savoie Montr\u00e9al shiatsu et travail social","description":"Massoth\u00e9rapeute en shiatsu depuis de nombreuses ann\u00e9es, dipl\u00f4m\u00e9e en acupuncture et th\u00e9rapeute en relation d\u2019aide, j\u2019aime la complicit\u00e9 du travail th\u00e9rapeutique avec mes clients. D\u00e9couvrir l\u2019autre dans son intimit\u00e9 par ce qu\u2019il me raconte ou ce que son corps d\u00e9voile de blessures et d\u2019histoire personnelle demeure un privil\u00e8ge \u00e0 chaque rencontre. Quelles que soient les raisons pour lesquelles on souffre, le shiatsu avec la perspective de m\u00e9decine orientale, l\u2019anatomie du mouvement et le fonctionnement psychique donnent des r\u00e9sultats convaincants.","potentialAction":[{"@type":"SearchAction","target":{"@type":"EntryPoint","urlTemplate":"https:\/\/juliesavoie.com\/?s={search_term_string}"},"query-input":"required name=search_term_string"}],"inLanguage":"en-CA"}]}},"_links":{"self":[{"href":"https:\/\/juliesavoie.com\/en\/wp-json\/wp\/v2\/pages\/256","targetHints":{"allow":["GET"]}}],"collection":[{"href":"https:\/\/juliesavoie.com\/en\/wp-json\/wp\/v2\/pages"}],"about":[{"href":"https:\/\/juliesavoie.com\/en\/wp-json\/wp\/v2\/types\/page"}],"author":[{"embeddable":true,"href":"https:\/\/juliesavoie.com\/en\/wp-json\/wp\/v2\/users\/1"}],"replies":[{"embeddable":true,"href":"https:\/\/juliesavoie.com\/en\/wp-json\/wp\/v2\/comments?post=256"}],"version-history":[{"count":51,"href":"https:\/\/juliesavoie.com\/en\/wp-json\/wp\/v2\/pages\/256\/revisions"}],"predecessor-version":[{"id":1076,"href":"https:\/\/juliesavoie.com\/en\/wp-json\/wp\/v2\/pages\/256\/revisions\/1076"}],"wp:attachment":[{"href":"https:\/\/juliesavoie.com\/en\/wp-json\/wp\/v2\/media?parent=256"}],"curies":[{"name":"wp","href":"https:\/\/api.w.org\/{rel}","templated":true}]}}