
{"id":2,"date":"2022-07-19T02:34:41","date_gmt":"2022-07-19T02:34:41","guid":{"rendered":"https:\/\/juliesavoie.com\/?page_id=2"},"modified":"2022-07-19T02:34:41","modified_gmt":"2022-07-19T02:34:41","slug":"sample-page","status":"publish","type":"page","link":"https:\/\/juliesavoie.com\/en\/sample-page\/","title":{"rendered":"Sample Page"},"content":{"rendered":"<p>This is an example page. It&rsquo;s different from a blog post because it will stay in one place and will show up in your site navigation (in most themes). Most people start with an About page that introduces them to potential site visitors. It might say something like this:<\/p>\n\n\n\n<blockquote class=\"wp-block-quote is-layout-flow wp-block-quote-is-layout-flow\"><p>Hi there! I&rsquo;m a bike messenger by day, aspiring actor by night, and this is my website. I live in Los Angeles, have a great dog named Jack, and I like pi&#241;a coladas. (And gettin&rsquo; caught in the rain.)<\/p><\/blockquote>\n\n\n\n<p>&#8230;or something like this:<\/p>\n\n\n\n<blockquote class=\"wp-block-quote is-layout-flow wp-block-quote-is-layout-flow\"><p>The XYZ Doohickey Company was founded in 1971, and has been providing quality doohickeys to the public ever since. Located in Gotham City, XYZ employs over 2,000 people and does all kinds of awesome things for the Gotham community.<\/p><\/blockquote>\n\n\n\n<p>As a new WordPress user, you should go to <a href=\"https:\/\/juliesavoie.com\/wp-admin\/\">your dashboard<\/a> to delete this page and create new pages for your content. Have fun!<\/p>","protected":false},"excerpt":{"rendered":"<p>This is an example page. It&rsquo;s different from a blog post because it will stay in one place and will show up in your site navigation (in most themes). Most people start with an About page that introduces them to potential site visitors. It might say something like this: Hi there! I&rsquo;m a bike messenger [&hellip;]<\/p>","protected":false},"author":1,"featured_media":0,"parent":0,"menu_order":0,"comment_status":"closed","ping_status":"open","template":"","meta":{"footnotes":""},"class_list":["post-2","page","type-page","status-publish","hentry","entry"],"yoast_head":"<!-- This site is optimized with the Yoast SEO plugin v20.13 - https:\/\/yoast.com\/wordpress\/plugins\/seo\/ -->\n<title>Sample Page - Julie Savoie Montr\u00e9al shiatsu et travail social<\/title>\n<meta name=\"robots\" content=\"index, follow, max-snippet:-1, max-image-preview:large, max-video-preview:-1\" \/>\n<link rel=\"canonical\" href=\"https:\/\/juliesavoie.com\/en\/sample-page\/\" \/>\n<meta property=\"og:locale\" content=\"en_US\" \/>\n<meta property=\"og:type\" content=\"article\" \/>\n<meta property=\"og:title\" content=\"Sample Page - Julie Savoie Montr\u00e9al shiatsu et travail social\" \/>\n<meta property=\"og:description\" content=\"This is an example page. It&rsquo;s different from a blog post because it will stay in one place and will show up in your site navigation (in most themes). Most people start with an About page that introduces them to potential site visitors. It might say something like this: Hi there! I&rsquo;m a bike messenger [&hellip;]\" \/>\n<meta property=\"og:url\" content=\"https:\/\/juliesavoie.com\/en\/sample-page\/\" \/>\n<meta property=\"og:site_name\" content=\"Julie Savoie Montr\u00e9al shiatsu et travail social\" \/>\n<meta name=\"twitter:card\" content=\"summary_large_image\" \/>\n<meta name=\"twitter:label1\" content=\"Est. reading time\" \/>\n\t<meta name=\"twitter:data1\" content=\"1 minute\" \/>\n<script type=\"application\/ld+json\" class=\"yoast-schema-graph\">{\"@context\":\"https:\/\/schema.org\",\"@graph\":[{\"@type\":\"WebPage\",\"@id\":\"https:\/\/juliesavoie.com\/sample-page\/\",\"url\":\"https:\/\/juliesavoie.com\/sample-page\/\",\"name\":\"Sample Page - Julie Savoie Montr\u00e9al shiatsu et travail social\",\"isPartOf\":{\"@id\":\"https:\/\/juliesavoie.com\/#website\"},\"datePublished\":\"2022-07-19T02:34:41+00:00\",\"dateModified\":\"2022-07-19T02:34:41+00:00\",\"breadcrumb\":{\"@id\":\"https:\/\/juliesavoie.com\/sample-page\/#breadcrumb\"},\"inLanguage\":\"en-CA\",\"potentialAction\":[{\"@type\":\"ReadAction\",\"target\":[\"https:\/\/juliesavoie.com\/sample-page\/\"]}]},{\"@type\":\"BreadcrumbList\",\"@id\":\"https:\/\/juliesavoie.com\/sample-page\/#breadcrumb\",\"itemListElement\":[{\"@type\":\"ListItem\",\"position\":1,\"name\":\"Accueil\",\"item\":\"https:\/\/juliesavoie.com\/\"},{\"@type\":\"ListItem\",\"position\":2,\"name\":\"Sample Page\"}]},{\"@type\":\"WebSite\",\"@id\":\"https:\/\/juliesavoie.com\/#website\",\"url\":\"https:\/\/juliesavoie.com\/\",\"name\":\"Julie Savoie Montr\u00e9al shiatsu et travail social\",\"description\":\"Massoth\u00e9rapeute en shiatsu depuis de nombreuses ann\u00e9es, dipl\u00f4m\u00e9e en acupuncture et th\u00e9rapeute en relation d\u2019aide, j\u2019aime la complicit\u00e9 du travail th\u00e9rapeutique avec mes clients. D\u00e9couvrir l\u2019autre dans son intimit\u00e9 par ce qu\u2019il me raconte ou ce que son corps d\u00e9voile de blessures et d\u2019histoire personnelle demeure un privil\u00e8ge \u00e0 chaque rencontre. Quelles que soient les raisons pour lesquelles on souffre, le shiatsu avec la perspective de m\u00e9decine orientale, l\u2019anatomie du mouvement et le fonctionnement psychique donnent des r\u00e9sultats convaincants.\",\"potentialAction\":[{\"@type\":\"SearchAction\",\"target\":{\"@type\":\"EntryPoint\",\"urlTemplate\":\"https:\/\/juliesavoie.com\/?s={search_term_string}\"},\"query-input\":\"required name=search_term_string\"}],\"inLanguage\":\"en-CA\"}]}<\/script>\n<!-- \/ Yoast SEO plugin. -->","yoast_head_json":{"title":"Sample Page - Julie Savoie Montr\u00e9al shiatsu et travail social","robots":{"index":"index","follow":"follow","max-snippet":"max-snippet:-1","max-image-preview":"max-image-preview:large","max-video-preview":"max-video-preview:-1"},"canonical":"https:\/\/juliesavoie.com\/en\/sample-page\/","og_locale":"en_US","og_type":"article","og_title":"Sample Page - Julie Savoie Montr\u00e9al shiatsu et travail social","og_description":"This is an example page. It&rsquo;s different from a blog post because it will stay in one place and will show up in your site navigation (in most themes). Most people start with an About page that introduces them to potential site visitors. It might say something like this: Hi there! I&rsquo;m a bike messenger [&hellip;]","og_url":"https:\/\/juliesavoie.com\/en\/sample-page\/","og_site_name":"Julie Savoie Montr\u00e9al shiatsu et travail social","twitter_card":"summary_large_image","twitter_misc":{"Est. reading time":"1 minute"},"schema":{"@context":"https:\/\/schema.org","@graph":[{"@type":"WebPage","@id":"https:\/\/juliesavoie.com\/sample-page\/","url":"https:\/\/juliesavoie.com\/sample-page\/","name":"Sample Page - Julie Savoie Montr\u00e9al shiatsu et travail social","isPartOf":{"@id":"https:\/\/juliesavoie.com\/#website"},"datePublished":"2022-07-19T02:34:41+00:00","dateModified":"2022-07-19T02:34:41+00:00","breadcrumb":{"@id":"https:\/\/juliesavoie.com\/sample-page\/#breadcrumb"},"inLanguage":"en-CA","potentialAction":[{"@type":"ReadAction","target":["https:\/\/juliesavoie.com\/sample-page\/"]}]},{"@type":"BreadcrumbList","@id":"https:\/\/juliesavoie.com\/sample-page\/#breadcrumb","itemListElement":[{"@type":"ListItem","position":1,"name":"Accueil","item":"https:\/\/juliesavoie.com\/"},{"@type":"ListItem","position":2,"name":"Sample Page"}]},{"@type":"WebSite","@id":"https:\/\/juliesavoie.com\/#website","url":"https:\/\/juliesavoie.com\/","name":"Julie Savoie Montr\u00e9al shiatsu et travail social","description":"Massoth\u00e9rapeute en shiatsu depuis de nombreuses ann\u00e9es, dipl\u00f4m\u00e9e en acupuncture et th\u00e9rapeute en relation d\u2019aide, j\u2019aime la complicit\u00e9 du travail th\u00e9rapeutique avec mes clients. D\u00e9couvrir l\u2019autre dans son intimit\u00e9 par ce qu\u2019il me raconte ou ce que son corps d\u00e9voile de blessures et d\u2019histoire personnelle demeure un privil\u00e8ge \u00e0 chaque rencontre. Quelles que soient les raisons pour lesquelles on souffre, le shiatsu avec la perspective de m\u00e9decine orientale, l\u2019anatomie du mouvement et le fonctionnement psychique donnent des r\u00e9sultats convaincants.","potentialAction":[{"@type":"SearchAction","target":{"@type":"EntryPoint","urlTemplate":"https:\/\/juliesavoie.com\/?s={search_term_string}"},"query-input":"required name=search_term_string"}],"inLanguage":"en-CA"}]}},"_links":{"self":[{"href":"https:\/\/juliesavoie.com\/en\/wp-json\/wp\/v2\/pages\/2","targetHints":{"allow":["GET"]}}],"collection":[{"href":"https:\/\/juliesavoie.com\/en\/wp-json\/wp\/v2\/pages"}],"about":[{"href":"https:\/\/juliesavoie.com\/en\/wp-json\/wp\/v2\/types\/page"}],"author":[{"embeddable":true,"href":"https:\/\/juliesavoie.com\/en\/wp-json\/wp\/v2\/users\/1"}],"replies":[{"embeddable":true,"href":"https:\/\/juliesavoie.com\/en\/wp-json\/wp\/v2\/comments?post=2"}],"version-history":[{"count":0,"href":"https:\/\/juliesavoie.com\/en\/wp-json\/wp\/v2\/pages\/2\/revisions"}],"wp:attachment":[{"href":"https:\/\/juliesavoie.com\/en\/wp-json\/wp\/v2\/media?parent=2"}],"curies":[{"name":"wp","href":"https:\/\/api.w.org\/{rel}","templated":true}]}}